{"id":3010,"date":"2024-02-02T12:00:08","date_gmt":"2024-02-02T12:00:08","guid":{"rendered":"https:\/\/autolink.lt\/privacy-policy\/"},"modified":"2024-03-06T15:08:07","modified_gmt":"2024-03-06T13:08:07","slug":"privatumo-politika","status":"publish","type":"page","link":"https:\/\/autolink.lt\/lt\/privatumo-politika\/","title":{"rendered":"Privatumo politika"},"content":{"rendered":"<div class=\"wpb-content-wrapper\"><p>[vc_row][vc_column][vc_column_text]<\/p>\n<h3>Mes naudojame <a href=\"https:\/\/gdpr.eu\/cookies\/\" target=\"_blank\" rel=\"noopener\">slapukus<\/a>, kad pagerintume J\u016bs\u0173 patirt\u012f m\u016bs\u0173 svetain\u0117je.<\/h3>\n<p>Slapukai yra ma\u017ei tekstiniai failai, kurie saugomi J\u016bs\u0173 \u012frenginyje, siekiant pad\u0117ti mums gerinti svetain\u0117s veikim\u0105 ir funkcionalum\u0105.<\/p>\n<p>Naudodamiesi m\u016bs\u0173 svetaine, J\u016bs sutinkate su slapuk\u0173 naudojimu pagal m\u016bs\u0173 privatumo politik\u0105. Galite tvarkyti savo slapuk\u0173 nustatymus ir pageidavimus nar\u0161ykl\u0117je. Atkreipkite d\u0117mes\u012f, kad slapuk\u0173 i\u0161jungimas gali teigiamai paveikti svetain\u0117s funkcionalum\u0105.<\/p>\n<p>Nor\u0117dami gauti informacij\u0105 apie J\u016bs\u0173 asmens duomenis, tikslus ir \u0161alis, su kuriomis duomenys dalijasi, susisiekite su duomen\u0173 valdytoju.<\/p>\n<p>&nbsp;<\/p>\n<h2>Duomen\u0173 valdytojas<\/h2>\n<h3>Duomen\u0173 rinkimo tipai<\/h3>\n<p>Valdytojas nepateikia asmens duomen\u0173 tip\u0173 s\u0105ra\u0161o.<\/p>\n<p>I\u0161sam\u016bs duomenys apie kiekvieno rinkimo tipo asmens duomenis pateikiami atskirose \u0161ios privatumo politikos skyriuose arba pateikiant konkre\u010dius paai\u0161kinimo tekstus prie\u0161 renkant duomenis.<\/p>\n<p>Asmens duomenis gali savanori\u0161kai pateikti vartotojas arba, naudojimo duomen\u0173 atveju, jie gali b\u016bti renkami automati\u0161kai naudojant \u0161i\u0105 program\u0105.<\/p>\n<p>Jeigu nenurodyta kitaip, visi \u0161ios programos reikalaujami duomenys yra b\u016btini ir j\u0173 nepateikimas gali padaryti ne\u012fmanoma \u0161iai programai teikti savo paslaugas. Atvejais, kai \u0161i programa ai\u0161kiai nurodo, kad kai kurie duomenys n\u0117ra b\u016btini, vartotojai gali nesuteikti \u0161i\u0173 duomen\u0173 be pasekmi\u0173 paslaugos prieinamumui ar funkcionalumui.<\/p>\n<p>Vartotojai, kurie ne\u017eino, kurie asmens duomenys yra b\u016btini, kvie\u010diami susisiekti su valdytoju.<\/p>\n<p>Bet koks slapuk\u0173 naudojimas \u2013 ar kit\u0173 sekimo \u012franki\u0173 naudojimas \u2013 \u0161ioje programoje ar tre\u010di\u0173j\u0173 \u0161ali\u0173 paslaug\u0173, naudojam\u0173 \u0161ioje programoje, savinink\u0173, tarnauja suteikti paslaug\u0105, reikalaujam\u0105 vartotojo, be kit\u0173 \u0161iame dokumente apra\u0161yt\u0173 tiksl\u0173 ir, jei galima, slapuk\u0173 politikoje.<\/p>\n<p>Vartotojai atsako u\u017e bet kokius tre\u010di\u0173j\u0173 \u0161ali\u0173 asmens duomenis, gautus, skelbtus ar dalijamus per \u0161i\u0105 program\u0105, ir patvirtina, kad jie turi tre\u010diosios \u0161alies sutikim\u0105 pateikti duomenis valdytojui.<\/p>\n<p>&nbsp;<\/p>\n<h2>Duomen\u0173 apdorojimo b\u016bdas ir vieta<\/h2>\n<h3>Duomen\u0173 apdorojimo metodai<\/h3>\n<p>Valdytojas imasi tinkam\u0173 saugumo priemoni\u0173, kad b\u016bt\u0173 i\u0161vengta neteis\u0117to prieigos, atskleidimo, modifikavimo ar neteis\u0117to duomen\u0173 sunaikinimo.<\/p>\n<p>Duomen\u0173 apdorojimas atliekamas naudojant kompiuterius ir\/ar IT \u012fgalintus \u012frankius, laikantis organizacini\u0173 proced\u016br\u0173 ir b\u016bd\u0173, tiesiogiai susijusi\u0173 su nurodytais tikslais. Be valdytojo, tam tikrais atvejais duomenys gali b\u016bti prieinami tam tikr\u0173 tip\u0173 asmenims, atsakingiems u\u017e \u0161ios programos veikim\u0105 (administracija, pardavimai, rinkodara, teisinis, sistemos administravimas) ar i\u0161orin\u0117ms \u0161alims (pvz., tre\u010di\u0173j\u0173 \u0161ali\u0173 technini\u0173 paslaug\u0173 teik\u0117jams, pa\u0161to ne\u0161iotojams, talpinimo teik\u0117jams, IT \u012fmon\u0117ms, komunikacij\u0173 agent\u016broms), jei reikia, paskirtiems duomen\u0173 tvarkytojais valdytojo. Atnaujint\u0105 \u0161i\u0173 \u0161ali\u0173 s\u0105ra\u0161\u0105 bet kada gali u\u017eklausti valdytojas.<\/p>\n<h3>Duomen\u0173 apdorojimo teisinis pagrindas<\/h3>\n<p>Valdytojas gali apdoroti vartotoj\u0173 asmens duomenis, jei taikoma viena i\u0161 \u0161i\u0173 s\u0105lyg\u0173:<\/p>\n<ul>\n<li>Vartotojai dav\u0117 sutikim\u0105 vienam ar keliems konkre\u010diam tikslui. Pastaba: pagal kai kuriuos \u012fstatymus valdytojas gali b\u016bti leid\u017eiamas apdoroti asmens duomenis, kol vartotojas neatsisako tokio apdorojimo (&#8222;atsisakymo&#8221;), nesiremiant sutikimu ar bet kuriuo kitu \u0161i\u0173 teisini\u0173 pagrind\u0173. Ta\u010diau tai netaikoma, kai asmens duomen\u0173 apdorojimas yra reglamentuojamas Europos duomen\u0173 apsaugos \u012fstatymais;<\/li>\n<li>Duomen\u0173 teikimas yra b\u016btinas norint \u012fvykdyti sutart\u012f su Vartotoju ir (arba) bet kokius ikisutartinius \u012fsipareigojimus;<\/li>\n<li>Tvarkymas yra b\u016btinas, kad b\u016bt\u0173 laikomasi teisin\u0117s prievol\u0117s, kuri yra taikoma Savininkui;<\/li>\n<li>Tvarkymas yra susij\u0119s su u\u017eduotimi, kuri atliekama siekiant vie\u0161\u0173j\u0173 interes\u0173 arba vykdant Savininkui suteiktus oficialius \u012fgaliojimus;<\/li>\n<li>Tvarkyti b\u016btina siekiant teis\u0117t\u0173 interes\u0173, kuri\u0173 siekia Savininkas arba tre\u010dioji \u0161alis.<\/li>\n<\/ul>\n<p>Bet kokiu atveju valdytojas mielai pad\u0117s ai\u0161kinti konkre\u010di\u0105 teisin\u0119 apdorojimo pagrind\u0105, ypa\u010d nurodant, ar asmens duomen\u0173 pateikimas yra \u012fstatyminis ar sutartinis reikalavimas, ar b\u016btinas sutarties sudarymui.<\/p>\n<h3>Vieta<\/h3>\n<p>Duomenys apdoroti valdytojo veiklos biuruose ir bet kuriose kitose vietose, kuriose yra su apdorojimu susijusios \u0161alys.<\/p>\n<p>Priklausomai nuo vartotojo buvimo vietos, duomen\u0173 perdavimas gali reik\u0161ti vartotojo duomen\u0173 perdavim\u0105 \u012f kit\u0105 \u0161al\u012f nei jo pa\u010dio. Nor\u0117dami su\u017einoti daugiau apie toki\u0173 perduot\u0173 duomen\u0173 apdorojimo viet\u0105, vartotojai gali patikrinti skyri\u0173, kuriame pateikiama informacija apie asmens duomen\u0173 apdorojim\u0105.<\/p>\n<p>Vartotojai taip pat turi teis\u0119 su\u017einoti teisin\u012f duomen\u0173 perdavimo pagrind\u0105 \u012f \u0161al\u012f u\u017e Europos S\u0105jungos rib\u0173 ar \u012f bet kuri\u0105 tarptautin\u0119 organizacij\u0105, kuri\u0105 valdo vie\u0161oji tarptautin\u0117 teis\u0117 arba \u012fkurta dviem ar daugiau \u0161ali\u0173, pvz., JT, ir apie saugumo priemones, kurias valdytojas imasi, siekdamas apsaugoti j\u0173 duomenis.<\/p>\n<p>Jei toks perdavimas \u012fvyksta, vartotojai gali su\u017einoti daugiau, patikrin\u0119 atitinkamas \u0161io dokumento dalis arba u\u017eklausdami valdytoj\u0105, naudodami pateikt\u0105 kontaktin\u0119 informacij\u0105.<\/p>\n<h3>Duomen\u0173 laikymo laikas<\/h3>\n<p>Asmens duomenys bus apdoroti ir saugomi tiek laiko, kiek reikia pagal tiksl\u0105, d\u0117l kurio jie buvo surinkti.<\/p>\n<p>Tod\u0117l:<\/p>\n<ul>\n<li>Asmens duomenys, surinkti tikslais, susijusiais su sutarties tarp valdytojo ir vartotojo vykdymu, bus saugomi tol, kol tokia sutartis bus visi\u0161kai \u012fvykdyta.<\/li>\n<li>Asmens duomenys, surinkti valdytojo teis\u0117t\u0173 interes\u0173 tikslais, bus saugomi tiek laiko, kiek reikia tokiems tikslams \u012fgyvendinti. Vartotojai gali rasti konkre\u010di\u0105 informacij\u0105 apie valdytojo siekiamus teis\u0117tus interesus atitinkamose \u0161io dokumento dalyse arba susisiekdami su valdytoju.<\/li>\n<\/ul>\n<p>Valdytojui gali b\u016bti leid\u017eiama saugoti asmens duomenis ilgesn\u012f laik\u0105, kai vartotojas suteikia sutikim\u0105 tokiems duomenims apdoroti, kol toks sutikimas n\u0117ra at\u0161auktas. Be to, valdytojas gali b\u016bti \u012fpareigotas saugoti asmens duomenis ilgesn\u012f laik\u0105, jei tai reikalaujama \u012fvykdyti teisiniam \u012fsipareigojimui arba pagal institucijos \u012fsakym\u0105.<\/p>\n<p>Kai laikymo laikotarpis pasibaigia, asmens duomenys turi b\u016bti i\u0161trinti. Tod\u0117l po laikymo laikotarpio pabaigos negali b\u016bti \u012fgyvendintos teis\u0117s \u012f prieig\u0105, teis\u0117 \u012f i\u0161trynim\u0105, teis\u0117 \u012f taisym\u0105 ir teis\u0117 \u012f duomen\u0173 perk\u0117lim\u0105.<\/p>\n<h3>Vartotoj\u0173 teis\u0117s<\/h3>\n<p>Vartotojai gali naudotis tam tikromis teis\u0117mis, susijusiomis su j\u0173 duomen\u0173 apdorojimu valdytojo.<\/p>\n<p>Ypa\u010d vartotojai turi teis\u0119 daryti \u0161iuos veiksmus:<\/p>\n<ul>\n<li><strong>Bet kada at\u0161aukti savo sutikim\u0105.<\/strong>Vartotojai turi teis\u0119 at\u0161aukti sutikim\u0105, kai jie anks\u010diau suteik\u0117 savo sutikim\u0105 asmens duomen\u0173 apdorojimui.<\/li>\n<li><strong>Prie\u0161tarauti d\u0117l j\u0173 duomen\u0173 apdorojimo.<\/strong> Vartotojai turi teis\u0119 prie\u0161tarauti savo duomen\u0173 apdorojimui, jei apdorojimas atliekamas teisiniu pagrindu, kitu nei sutikimas. Papildoma informacija pateikiama atitinkamoje \u0161io dokumento dalyje.<\/li>\n<li><strong>Gauti savo duomenis.<\/strong> Vartotojai turi teis\u0119 su\u017einoti, ar valdytojas apdoroja duomenis, gauti atskleidim\u0105 d\u0117l tam tikr\u0173 apdorojimo aspekt\u0173 ir gauti kopij\u0105 apdorojam\u0173 duomen\u0173.<\/li>\n<li><strong>Patikrinti ir siekti taisymo.<\/strong> Vartotojai turi teis\u0119 patikrinti savo duomen\u0173 tikslum\u0105 ir pra\u0161yti, kad jie b\u016bt\u0173 atnaujinti ar i\u0161taisyti.<\/li>\n<li><strong>Apriboti savo duomen\u0173 apdorojim\u0105.<\/strong> Tam tikromis aplinkyb\u0117mis vartotojai turi teis\u0119 apriboti savo duomen\u0173 apdorojim\u0105. Tokiu atveju valdytojas neapdoroja j\u0173 duomen\u0173 jokiais kitais tikslais, i\u0161skyrus j\u0173 saugojim\u0105.<\/li>\n<li><strong>I\u0161trinti savo asmens duomenis ar kitaip pa\u0161alinti.<\/strong> Tam tikromis aplinkyb\u0117mis vartotojai turi teis\u0119 i\u0161 valdytojo gauti savo duomen\u0173 i\u0161trynim\u0105.<\/li>\n<li><strong>Gauti savo duomenis ir perkelti juos kitam valdytojui.<\/strong> Vartotojai turi teis\u0119 gauti savo duomenis strukt\u016brizuotu, \u012fprastai naudojamu ir ma\u0161inomis skaitomu formatu ir, jei techni\u0161kai \u012fmanoma, perkelti juos kitam valdytojui be joki\u0173 kli\u016b\u010di\u0173. \u0160i nuostata taikoma, jei duomenys apdorojami automatizuotai ir jei apdorojimas grind\u017eiamas vartotojo sutikimu, sutartimi, kurioje vartotojas yra \u0161alis, arba prie\u0161sutar\u010diais.<\/li>\n<li><strong>Pateikti skund\u0105.<\/strong> Vartotojai turi teis\u0119 pateikti skund\u0105 savo kompetentingai duomen\u0173 apsaugos prie\u017ei\u016bros institucijai.<\/li>\n<\/ul>\n<h3>Informacija apie teis\u0119 prie\u0161tarauti apdorojimui<\/h3>\n<p>Kai asmens duomenys apdorojami vie\u0161ojo intereso labui, vykdant valdytojui suteikt\u0105 oficial\u0173 \u012fgaliojim\u0105 arba siekiant valdytojo ar tre\u010diosios \u0161alies teis\u0117t\u0173 interes\u0173, vartotojai gali prie\u0161tarauti tokiam apdorojimui, pateikdami pagrind\u0105, susijus\u012f su j\u0173 konkre\u010dia situacija, kad pateisint\u0173 prie\u0161taravim\u0105.<\/p>\n<p>Vartotojai turi \u017einoti, kad, jei j\u0173 asmens duomenys apdorojami tiesiogin\u0117s rinkodaros tikslais, jie gali bet kada prie\u0161tarauti tokiam apdorojimui be jokio pagrindimo. Nor\u0117dami su\u017einoti, ar valdytojas apdoroja asmens duomenis tiesiogin\u0117s rinkodaros tikslais, vartotojai gali kreiptis \u012f atitinkamas \u0161io dokumento dalis.<\/p>\n<h3>Kaip pasinaudoti \u0161iomis teis\u0117mis<\/h3>\n<p>Bet kokius pra\u0161ymus naudotis vartotojo teis\u0117mis galima nukreipti valdytojui per \u0161iame dokumente pateiktus kontaktinius duomenis. \u0160ie pra\u0161ymai gali b\u016bti pateikti nemokamai ir valdytojas juos nagrin\u0117s kiek \u012fmanoma grei\u010diau, visada per vien\u0105 m\u0117nes\u012f.<\/p>\n<h1><span style=\"font-size: 18pt;\">Papildoma informacija apie duomen\u0173 rinkim\u0105 ir apdorojim\u0105<\/span><\/h1>\n<h3>Teisin\u0117 veikla<\/h3>\n<p>Vartotojo asmens duomenys gali b\u016bti naudojami teisiniais tikslais valdytojo teisme arba etapuose, vedan\u010diuose prie galimos teisin\u0117s veiklos d\u0117l netinkamo \u0161ios programos ar susijusi\u0173 paslaug\u0173 naudojimo.<\/p>\n<p>Vartotojas pripa\u017e\u012fsta, kad valdytojas gali b\u016bti \u012fpareigotas atskleisti asmens duomenis pagal vie\u0161\u0173j\u0173 institucij\u0173 pra\u0161ym\u0105.<\/p>\n<h3>Papildoma informacija apie vartotojo asmens duomenis<\/h3>\n<p>Be \u0161ios privatumo politikos esan\u010dios informacijos, \u0161i programa gali pateikti vartotojui papildom\u0105 ir kontekstin\u0119 informacij\u0105 apie konkre\u010dias paslaugas ar duomen\u0173 rinkim\u0105 ir apdorojim\u0105 pagal pra\u0161ym\u0105.<\/p>\n<h3>Sistemos \u017eurnalai ir prie\u017ei\u016bra<\/h3>\n<p>Operacij\u0173 ir prie\u017ei\u016bros tikslais \u0161i programa ir bet kokios tre\u010diosios \u0161alies paslaugos gali rinkti failus, kurie u\u017efiksuoja s\u0105veik\u0105 su \u0161ia programa (sistemos \u017eurnalai), naudoti kitus asmens duomenis (pvz., IP adres\u0105) \u0161iam tikslui.<\/p>\n<h3>Informacija, nesuteikta \u0161ioje politikoje<\/h3>\n<p>Daugiau informacijos apie asmens duomen\u0173 rinkim\u0105 ar apdorojim\u0105 galima gauti i\u0161 valdytojo bet kada. Pra\u0161ome kreiptis \u012f prad\u017eioje \u0161io dokumento pateikt\u0105 kontaktin\u0119 informacij\u0105.<\/p>\n<h3>Kaip tvarkomi \u201eNesekti\u201c u\u017eklausos<\/h3>\n<p>\u0160i programa nepalaiko \u201eNesekti\u201c u\u017eklaus\u0173.<\/p>\n<p>Nor\u0117dami nustatyti, ar bet kuri i\u0161 tre\u010di\u0173j\u0173 \u0161ali\u0173 paslaug\u0173, kurias ji naudoja, atsi\u017evelgia \u012f \u201eNesekti\u201c u\u017eklausas, pra\u0161ome perskaityti j\u0173 privatumo politikas.<\/p>\n<h3>\u0160ios privatumo politikos pakeitimai<\/h3>\n<p>Valdytojas turi teis\u0119 bet kada keisti \u0161i\u0105 privatumo politik\u0105, prane\u0161damas savo vartotojams \u0161iame puslapyje ir galb\u016bt \u0161ioje programoje ir\/ar \u2013 kiek techni\u0161kai ir teisi\u0161kai \u012fmanoma \u2013 si\u0173sdamas prane\u0161im\u0105 vartotojams per bet kokius valdytojui prieinamus kontaktinius duomenis. Labai rekomenduojama da\u017enai tikrinti \u0161\u012f puslap\u012f, atsi\u017evelgiant \u012f paskutinio pakeitimo dat\u0105, nurodyt\u0105 apa\u010dioje.<\/p>\n<p>Jei pakeitimai lie\u010dia apdorojimo veiklas, atliekamas remiantis vartotojo sutikimu, valdytojas i\u0161 naujo surinks sutikim\u0105 i\u0161 vartotojo, jei to reikalaujama.<\/p>\n<p>&nbsp;<\/p>\n<p>Jei turite klausim\u0173 apie m\u016bs\u0173 pasirengim\u0105 GDPR, atsi\u0173skite mums el. lai\u0161k\u0105 adresu <a href=\"mailto:gdpr@bmlg.eu\">gdpr@bmlg.eu<\/a> su nuoroda \u201eGDPR\u201c arba \u201eDATA PROTECTION\u201c.[\/vc_column_text][\/vc_column][\/vc_row]<\/p>\n<\/div>","protected":false},"excerpt":{"rendered":"<p>[vc_row][vc_column][vc_column_text] Mes naudojame slapukus, kad pagerintume J\u016bs\u0173 patirt\u012f m\u016bs\u0173 svetain\u0117je. Slapukai yra ma\u017ei tekstiniai failai, kurie saugomi J\u016bs\u0173 \u012frenginyje, siekiant pad\u0117ti mums gerinti svetain\u0117s veikim\u0105 ir funkcionalum\u0105. Naudodamiesi m\u016bs\u0173 svetaine, J\u016bs sutinkate su&#8230;<\/p>\n","protected":false},"author":1,"featured_media":0,"parent":0,"menu_order":1,"comment_status":"closed","ping_status":"closed","template":"","meta":{"inline_featured_image":false,"footnotes":""},"class_list":["post-3010","page","type-page","status-publish","hentry"],"amp_enabled":true,"_links":{"self":[{"href":"https:\/\/autolink.lt\/lt\/wp-json\/wp\/v2\/pages\/3010","targetHints":{"allow":["GET"]}}],"collection":[{"href":"https:\/\/autolink.lt\/lt\/wp-json\/wp\/v2\/pages"}],"about":[{"href":"https:\/\/autolink.lt\/lt\/wp-json\/wp\/v2\/types\/page"}],"author":[{"embeddable":true,"href":"https:\/\/autolink.lt\/lt\/wp-json\/wp\/v2\/users\/1"}],"replies":[{"embeddable":true,"href":"https:\/\/autolink.lt\/lt\/wp-json\/wp\/v2\/comments?post=3010"}],"version-history":[{"count":0,"href":"https:\/\/autolink.lt\/lt\/wp-json\/wp\/v2\/pages\/3010\/revisions"}],"wp:attachment":[{"href":"https:\/\/autolink.lt\/lt\/wp-json\/wp\/v2\/media?parent=3010"}],"curies":[{"name":"wp","href":"https:\/\/api.w.org\/{rel}","templated":true}]}}