{"id":2333,"date":"2015-10-21T07:42:32","date_gmt":"2015-10-21T07:42:32","guid":{"rendered":"http:\/\/autolt.laenudeestis.ee\/home\/"},"modified":"2024-08-14T13:00:08","modified_gmt":"2024-08-14T11:00:08","slug":"home","status":"publish","type":"page","link":"https:\/\/autolink.lt\/lt\/","title":{"rendered":"Autolink Grup\u0117 | Logistika ir tarptautinis transporto priemoni\u0173 gabenimas"},"content":{"rendered":"<div class=\"wpb-content-wrapper\"><p>[vc_row][vc_column][rev_slider_vc alias=&#8221;main_slider&#8221;][\/vc_column][\/vc_row][vc_row full_width=&#8221;stretch_row&#8221; css=&#8221;.vc_custom_1518445047899{margin-bottom: 0px !important;padding-top: 25px !important;padding-bottom: 25px !important;}&#8221; el_class=&#8221;secondary_bg_color&#8221;][vc_column width=&#8221;1\/2&#8243; offset=&#8221;vc_col-lg-3 vc_col-md-3&#8243;][stm_counter counter_value=&#8221;320&#8243; drawing=&#8221;yes&#8221; icon_width_svg=&#8221;65&#8243; icon_size=&#8221;64&#8243; title=&#8221;\u012egyvendinti projektai&#8221; drawing_icon=&#8221;stm-projects-done&#8221; icon_color=&#8221;#004489&#8243; font_color=&#8221;#ffffff&#8221; css=&#8221;.vc_custom_1535923483855{margin-bottom: 0px !important;}&#8221;][\/vc_column][vc_column width=&#8221;1\/2&#8243; offset=&#8221;vc_col-lg-3 vc_col-md-3&#8243;][stm_counter counter_value=&#8221;200&#8243; drawing=&#8221;yes&#8221; icon_width_svg=&#8221;64&#8243; icon_size=&#8221;68&#8243; title=&#8221;Klient\u0173 \u012fvairiose \u0161alyse&#8221; drawing_icon=&#8221;stm-clients-worldwide&#8221; icon_color=&#8221;#004489&#8243; font_color=&#8221;#ffffff&#8221; css=&#8221;.vc_custom_1535923515098{margin-bottom: 0px !important;}&#8221;][\/vc_column][vc_column width=&#8221;1\/2&#8243; offset=&#8221;vc_col-lg-3 vc_col-md-3&#8243;][stm_counter counter_value=&#8221;153&#8243; drawing=&#8221;yes&#8221; icon_width=&#8221;80&#8243; icon_width_svg=&#8221;52&#8243; icon_size=&#8221;67&#8243; title=&#8221;Nuosavo parko&#8221; drawing_icon=&#8221;stm-owned-vehicles&#8221; icon_color=&#8221;#004489&#8243; font_color=&#8221;#ffffff&#8221; css=&#8221;.vc_custom_1535923534044{margin-bottom: 0px !important;}&#8221;][\/vc_column][vc_column width=&#8221;1\/2&#8243; offset=&#8221;vc_col-lg-3 vc_col-md-3&#8243;][stm_counter counter_value=&#8221;114&#8243; drawing=&#8221;yes&#8221; icon_width=&#8221;100&#8243; icon_width_svg=&#8221;68&#8243; icon_size=&#8221;67&#8243; title=&#8221;Darbuotoj\u0173&#8221; drawing_icon=&#8221;stm-people-in-team&#8221; icon_color=&#8221;#004489&#8243; font_color=&#8221;#ffffff&#8221; css=&#8221;.vc_custom_1535923558453{margin-bottom: 0px !important;}&#8221;][\/vc_column][\/vc_row][vc_row full_width=&#8221;stretch_row&#8221; css=&#8221;.vc_custom_1518449109346{margin-bottom: 0px !important;padding-top: 80px !important;padding-bottom: 80px !important;}&#8221; el_class=&#8221;base_bg_color&#8221;][vc_column width=&#8221;1\/4&#8243;][vc_column_text]<\/p>\n<h2><span style=\"color: #ffffff;\">SPECIALIOS PASLAUGOS<\/span><\/h2>\n<div class=\"divi\"><\/div>\n<p><span style=\"color: #ffffff;\">Autolink grup\u0117s komanda, tur\u0117dama didel\u0119 patirt\u012f bei gerai i\u0161manydama logistikos ir transporto niuansus, pasir\u016bpins J\u016bs\u0173 poreiki\u0173 \u012fgyvendinimu.<\/span>[\/vc_column_text][\/vc_column][vc_column width=&#8221;3\/4&#8243; css=&#8221;.vc_custom_1707130779450{border-top-width: -10px !important;border-right-width: -10px !important;border-bottom-width: -10px !important;border-left-width: -10px !important;}&#8221;][vc_row_inner equal_height=&#8221;yes&#8221; gap=&#8221;20&#8243;][vc_column_inner width=&#8221;1\/3&#8243; css=&#8221;.vc_custom_1707130984702{background-color: #ffffff !important;border: 20px initial !important;}&#8221;][vc_single_image image=&#8221;2705&#8243; img_size=&#8221;full&#8221; alignment=&#8221;center&#8221; onclick=&#8221;custom_link&#8221; css=&#8221;.vc_custom_1707137617761{margin-top: -10px !important;margin-right: -10px !important;margin-bottom: -2px !important;margin-left: -10px !important;background-position: center !important;background-repeat: no-repeat !important;background-size: cover !important;}&#8221; link=&#8221;https:\/\/autolink.lt\/lt\/thegallery\/#1525286476097-10207f1d-6b3f&#8221;][vc_column_text]<strong><a href=\"https:\/\/autolink.lt\/lt\/services\/keliu-transporto-paslaugos\/\">Keli\u0173 transporto paslaugos<\/a><\/strong><\/p>\n<p>Autolink Group teikia automobili\u0173 gabenimo Europoje paslaugas nuosavu autove\u017ei\u0173 parku, atitinkan\u010diu naujausius EURO standartus.<\/p>\n<p><a href=\"https:\/\/autolink.lt\/lt\/services\/keliu-transporto-paslaugos\/\">Skaityti daugiau.<\/a>[\/vc_column_text][\/vc_column_inner][vc_column_inner width=&#8221;1\/3&#8243; css=&#8221;.vc_custom_1707130998100{background-color: #ffffff !important;border: 20px initial !important;}&#8221;][vc_single_image image=&#8221;3216&#8243; img_size=&#8221;full&#8221; alignment=&#8221;center&#8221; onclick=&#8221;custom_link&#8221; css=&#8221;.vc_custom_1723633177303{margin-top: -10px !important;margin-right: -10px !important;margin-bottom: -2px !important;margin-left: -10px !important;background-position: center !important;background-repeat: no-repeat !important;background-size: cover !important;}&#8221; link=&#8221;https:\/\/autolink.lt\/lt\/thegallery\/#1525283562737-a7099b3f-bf71&#8243;][vc_column_text]<strong><a href=\"https:\/\/autolink.lt\/lt\/services\/terminalo-paslaugos\/\">Terminalo paslaugos<\/a><\/strong><\/p>\n<p>Autolink Group valdo \u0161iuolaikinius Rostoko (Vokietija), Paldiskio (Estija) ir Hanko (Suomija) uost\u0173 terminalus skirtus automobili\u0173 logistikai ir sand\u0117liavimui<\/p>\n<p><a href=\"https:\/\/autolink.lt\/lt\/services\/terminalo-paslaugos\/\">Skaityti daugiau.<\/a>[\/vc_column_text][\/vc_column_inner][vc_column_inner width=&#8221;1\/3&#8243; css=&#8221;.vc_custom_1707132174169{background-color: #ffffff !important;}&#8221;][vc_single_image image=&#8221;3219&#8243; img_size=&#8221;full&#8221; alignment=&#8221;center&#8221; onclick=&#8221;custom_link&#8221; css=&#8221;.vc_custom_1723633202739{margin-top: -10px !important;margin-right: -10px !important;margin-bottom: -2px !important;margin-left: -10px !important;background-position: center !important;background-repeat: no-repeat !important;background-size: cover !important;}&#8221; link=&#8221;https:\/\/autolink.lt\/lt\/thegallery\/#1525286529057-084be3fb-4130&#8243;][vc_column_text]<strong><a href=\"https:\/\/autolink.lt\/lt\/services\/gelezinkeliu-transporto-paslaugos\/\">Perve\u017eimai gele\u017einkeliais<\/a><\/strong><\/p>\n<p><span style=\"color: #000000;\">Autolink Group teikia automobili\u0173 gabenimo i\u0161 Europos \u012f Centrin\u0119 Azij\u0105 paslaug\u0105 nuosavais automobilve\u017ei\u0173 vagonais \u200e \u200e \u200e \u200e \u200e \u200e \u200e \u200e \u200e \u200e \u200e \u200e \u200e \u200e \u200e \u200e \u200e \u200e \u200e \u200e \u200e \u200e \u200e \u200e \u200e \u200e \u200e \u200e \u200e \u200e\u200e \u200e \u200e \u200e \u200e \u200e \u200e \u200e \u200e \u200e \u200e \u200e \u200e \u200e \u200e \u200e \u200e \u200e \u200e \u200e \u200e \u200e \u200e \u200e\u00a0<\/span><\/p>\n<p><a href=\"https:\/\/autolink.lt\/lt\/services\/gelezinkeliu-transporto-paslaugos\/\">Skaityti daugiau.<\/a>[\/vc_column_text][\/vc_column_inner][\/vc_row_inner][\/vc_column][\/vc_row][vc_row equal_height=&#8221;yes&#8221; css=&#8221;.vc_custom_1518447348586{padding-top: 70px !important;padding-bottom: 70px !important;}&#8221;][vc_column offset=&#8221;vc_col-lg-6 vc_col-md-6&#8243;][vc_raw_html]JTNDZGl2JTIwY2xhc3MlM0QlMjdJbnRlcm5hdGlvbmFsJTIwdmVoaWNsZSUyMHNoaXBwaW5nJTIwJTI2YW1wJTNCJTIwTG9naXN0aWNzJTI3JTNFJTBBJTNDaDMlM0VLVU8lMjBNVVMlMjBZUEFUSU5HSSUzRiUzQyUyRmgzJTNFJTBBJTNDZGl2JTIwY2xhc3MlM0QlMjdkaXZpJTI3JTNFJTNDJTJGZGl2JTNFJTBBJTNDcCUzRSUwQUFVVE9MSU5LJTIwJUUyJTgwJTkzJTIwdGFpJTIwbG9naXN0aWtvcyUyMCVDNCVBRm1vbmklQzUlQjMlMjBncnVwJUM0JTk3JTJDJTIwa3VyaW9zJTIwcGFncmluZGluJUM0JTk3JTIwdmVpa2xvcyUyMHNyaXRpcyUyMCVFMiU4MCU5MyUyMGdhdGF2JUM1JUIzJTIwdHJhbnNwb3J0byUyMHByaWVtb25pJUM1JUIzJTIwbG9naXN0aWthLiUyME0lQzUlQUJzJUM1JUIzJTIwa2xpZW50YWklMjB5cmElMjBnYW1pbnRvamFpJTJDJTIwaW1wb3J0dW90b2phaSUyQyUyMGVrc3BvcnR1b3RvamFpJTIwaXIlMjBwbGF0aW50b2phaSUyMHZpc29qZSUyMEV1cm9wb2plJTJDJTIwVmlkdXJpbiVDNCU5N2plJTIwaXIlMjBWaWR1cmluJUM0JTk3amUlMjBBemlqb2plJTJDJTIwTW9uZ29saWpvamUlMjBpciUyMEtpbmlqb2plLiUwQSUzQyUyRnAlM0UlMEElM0NwJTNFJTBBQXV0b2xpbmslMjBncnVwZWklMjBwcmlrbGF1c28lMjAlQzQlQUZtb24lQzQlOTdzJTJDJTIwZXNhbiVDNCU4RGlvcyUzQSUyMEhhbmtvJTIwJTI4U3VvbWlqYSUyOSUyQyUyMFBhbGRpc2t5amUlMjAlMjhFc3RpamElMjklMkMlMjBWaWxuaXVqZSUyMCUyOExpZXR1dmElMjklMkMlMjBHZGFuc2tlJTIwJTI4TGVua2lqYSUyOSUyQyUyMFJvc3Rva2UlMjBpciUyMEhhbWJ1cmdlJTIwJTI4Vm9raWV0aWphJTI5JTJDJTIwQWxtYXRvamUlMjAlMjhLYXphY2hzdGFuYXMlMjkuJTBBJTNDJTJGcCUzRSUwQSUzQyUyRmRpdiUzRQ==[\/vc_raw_html][\/vc_column][vc_column offset=&#8221;vc_col-lg-6 vc_col-md-6 vc_hidden-sm vc_hidden-xs&#8221;][vc_single_image image=&#8221;2357&#8243; img_size=&#8221;full&#8221; alignment=&#8221;center&#8221; onclick=&#8221;custom_link&#8221; img_link_target=&#8221;_blank&#8221; link=&#8221;https:\/\/www.youtube.com\/watch?v=PWs42VtqsaI&#8221;][\/vc_column][\/vc_row][vc_row full_width=&#8221;stretch_row&#8221; content_placement=&#8221;middle&#8221; css=&#8221;.vc_custom_1518449143822{margin-bottom: 0px !important;padding-top: 53px !important;padding-bottom: 53px !important;background-color: #dc0c1a !important;}&#8221;][vc_column][vc_row_inner][vc_column_inner][stm_image_carousel img_size=&#8221;full&#8221; autoplay=&#8221;yes&#8221; timeout=&#8221;3000&#8243; loop=&#8221;yes&#8221; items=&#8221;5&#8243; items_mobile=&#8221;2&#8243; images=&#8221;1456,1457,1458,1459,1460,1461,1462,1463,1464,1465,1466,1467,1468,1469,1470,1471&#8243;][\/vc_column_inner][\/vc_row_inner][\/vc_column][\/vc_row][vc_row full_width=&#8221;stretch_row&#8221; equal_height=&#8221;yes&#8221; css=&#8221;.vc_custom_1518449920762{background-color: #cbdae1 !important;}&#8221;][vc_column offset=&#8221;vc_col-lg-6 vc_col-md-6&#8243; css=&#8221;.vc_custom_1530794870868{margin-bottom: 0px !important;}&#8221;][vc_single_image image=&#8221;2358&#8243; img_size=&#8221;full&#8221; alignment=&#8221;center&#8221; onclick=&#8221;custom_link&#8221; img_link_target=&#8221;_blank&#8221; css=&#8221;.vc_custom_1709550966830{margin-bottom: 0px !important;}&#8221;][\/vc_column][vc_column offset=&#8221;vc_col-lg-6 vc_col-md-6&#8243;][vc_raw_html]JTNDZGl2JTIwY2xhc3MlM0QlMjdzdXBwb3J0YSUyNyUzRSUwQSUzQ2gzJTNFQiVDNSVBQmtpdGUlMjAxMDAlMjUlMjB0aWtyaSUyQyUyMGthZCUyMEolQzUlQUJzJUM1JUIzJTIwa3JvdmlueXMlMjBwYXNpZWtzJTIwJTNDJTJGYnIlM0UlMEFudW1hdHl0JUM0JTg1JTIwdGlrc2wlQzQlODUlMjBzYXVnaWFpJTIwaXIlMjB1JUM1JUJFdGlrcmludGFpJTNDJTJGaDMlM0UlMEElM0NkaXYlMjBjbGFzcyUzRCUyN2RpdmklMjclM0UlM0MlMkZkaXYlM0UlMEElM0NwJTNFJTBBSmVpJTIwdHVyaXRlJTIwa2xhdXNpbSVDNSVCMyUyQyUyMHJlaWtpYSUyMHBhdGFyaW1vJTIwZCVDNCU5N2wlMjBhdXRvbW9iaWxpJUM1JUIzJTIwaXIlMjBqJUM1JUIzJTIwZGFsaSVDNSVCMyUyMGxvZ2lzdGlrb3MlMkMlMjB2aXNhZGElMjBnYWxpdGUlMjBzdXNpc2lla3RpJTIwc3UlMjBtdW1pcyUyMCVDNCU4RGlhLiUyME0lQzUlQUJzJUM1JUIzJTIwa29tYW5kYSUyMHBhc2lzdGVuZ3MlMjBrYWlwJTIwJUM0JUFGbWFub21hJTIwZ3JlaSVDNCU4RGlhdSUyMGlyJTIwZWZla3R5dmlhdSUyMGklQzUlQTFzcHIlQzQlOTlzdGklMjBzdSUyMGF1dG9tb2JpbGklQzUlQjMlMjBsb2dpc3Rpa2ElMjBzdXNpanVzaWFzJTIwdSVDNSVCRWR1b3Rpcy4lMEElM0MlMkZwJTNFJTBBJTNDYSUyMGhyZWYlM0QlMjclMkZjb250YWN0cyUyRiUyNyUzRXN1c2lzaWVraXRlJTIwc3UlMjBtdW1pcyUyMGRhYmFyJTNDJTJGYSUzRSUwQSUzQyUyRmRpdiUzRQ==[\/vc_raw_html][\/vc_column][\/vc_row][vc_row full_width=&#8221;stretch_row&#8221; css=&#8221;.vc_custom_1518451244584{background-color: #e9e9e9 !important;}&#8221; el_class=&#8221;mapruts&#8221;][vc_column][vc_raw_html]JTNDZGl2JTIwY2xhc3MlM0QlMjdtYXBrYSUyNyUzRSUwQSUzQ2ltZyUyMHNyYyUzRCUyNyUyRndwLWNvbnRlbnQlMkZ1cGxvYWRzJTJGMjAxOSUyRjAyJTJGYXV0b2xpbmtfcm91dGVzX21fbHQuc3ZnJTI3JTNFJTBBJTNDJTJGZGl2JTNF[\/vc_raw_html][\/vc_column][\/vc_row]<\/p>\n<\/div>","protected":false},"excerpt":{"rendered":"<p>[vc_row][vc_column][rev_slider_vc alias=&#8221;main_slider&#8221;][\/vc_column][\/vc_row][vc_row full_width=&#8221;stretch_row&#8221; css=&#8221;.vc_custom_1518445047899{margin-bottom: 0px !important;padding-top: 25px !important;padding-bottom: 25px !important;}&#8221; el_class=&#8221;secondary_bg_color&#8221;][vc_column width=&#8221;1\/2&#8243; offset=&#8221;vc_col-lg-3 vc_col-md-3&#8243;][stm_counter counter_value=&#8221;320&#8243; drawing=&#8221;yes&#8221; icon_width_svg=&#8221;65&#8243; icon_size=&#8221;64&#8243; title=&#8221;\u012egyvendinti projektai&#8221; drawing_icon=&#8221;stm-projects-done&#8221; icon_color=&#8221;#004489&#8243; font_color=&#8221;#ffffff&#8221; css=&#8221;.vc_custom_1535923483855{margin-bottom: 0px !important;}&#8221;][\/vc_column][vc_column width=&#8221;1\/2&#8243; offset=&#8221;vc_col-lg-3 vc_col-md-3&#8243;][stm_counter counter_value=&#8221;200&#8243; drawing=&#8221;yes&#8221; icon_width_svg=&#8221;64&#8243; icon_size=&#8221;68&#8243;&#8230;<\/p>\n","protected":false},"author":1,"featured_media":0,"parent":0,"menu_order":10,"comment_status":"closed","ping_status":"open","template":"","meta":{"inline_featured_image":false,"footnotes":""},"class_list":["post-2333","page","type-page","status-publish","hentry"],"amp_enabled":true,"_links":{"self":[{"href":"https:\/\/autolink.lt\/lt\/wp-json\/wp\/v2\/pages\/2333","targetHints":{"allow":["GET"]}}],"collection":[{"href":"https:\/\/autolink.lt\/lt\/wp-json\/wp\/v2\/pages"}],"about":[{"href":"https:\/\/autolink.lt\/lt\/wp-json\/wp\/v2\/types\/page"}],"author":[{"embeddable":true,"href":"https:\/\/autolink.lt\/lt\/wp-json\/wp\/v2\/users\/1"}],"replies":[{"embeddable":true,"href":"https:\/\/autolink.lt\/lt\/wp-json\/wp\/v2\/comments?post=2333"}],"version-history":[{"count":0,"href":"https:\/\/autolink.lt\/lt\/wp-json\/wp\/v2\/pages\/2333\/revisions"}],"wp:attachment":[{"href":"https:\/\/autolink.lt\/lt\/wp-json\/wp\/v2\/media?parent=2333"}],"curies":[{"name":"wp","href":"https:\/\/api.w.org\/{rel}","templated":true}]}}