{"id":2329,"date":"2015-11-17T05:09:58","date_gmt":"2015-11-17T05:09:58","guid":{"rendered":"http:\/\/autolt.laenudeestis.ee\/contacts\/"},"modified":"2024-03-06T14:09:00","modified_gmt":"2024-03-06T12:09:00","slug":"kontaktai","status":"publish","type":"page","link":"https:\/\/autolink.lt\/lt\/kontaktai\/","title":{"rendered":"Kontaktai"},"content":{"rendered":"<div class=\"wpb-content-wrapper\"><p>[vc_row equal_height=&#8221;yes&#8221;][vc_column offset=&#8221;vc_col-lg-3 vc_col-md-12 vc_col-xs-12&#8243; css=&#8221;.vc_custom_1530797918829{margin-bottom: 0px !important;}&#8221;][vc_row_inner][vc_column_inner][vc_raw_html]JTNDZGl2JTIwY2xhc3MlM0QlMjdjb250bWFpbiUyMHNwZWNpJTI3JTNFJTBBJTNDaDQlM0VVQUIlMjBBdXRvbGluayUzQyUyRmg0JTNFJTBBJTNDaDUlM0UlM0NhJTIwaHJlZiUzRCUyN2h0dHBzJTNBJTJGJTJGZ29vLmdsJTJGbWFwcyUyRnFmUGhRR0d6TkVScXE5Yjk5JTI3JTIwdGFyZ2V0JTNEJTIyX2JsYW5rJTIyJTNFSi4lMjBCYWwlQzQlOERpa29uaW8lMjBnLiUyMDklMkMlMjBWaWxuaXVzJTJDJTIwTFQtMDgyNDclMkMlMjBMaXRodWFuaWElM0MlMkZhJTNFJTBBJTNDJTJGaDUlM0UlMEElM0NzcGFuJTNFdGVsZWZvbmFzJTIwJTNDYSUyMGhyZWYlM0QlMjd0ZWwlM0EwMDM3MDUyMDU0NDk0JTI3JTNFJTJCMzcwJTIwNSUyMDIwNSUyMDQ0OTQlM0MlMkZhJTNFJTNDJTJGc3BhbiUzRSUwQSUzQ3NwYW4lM0VmYXglMjAlMkIzNzAlMjA1JTIwMjA1JTIwNDQ5NSUzQyUyRnNwYW4lM0UlMEElM0NzcGFuJTNFJTNDYSUyMGhyZWYlM0QlMjdtYWlsdG8lM0FpbmZvJTQwYXV0b2xpbmsubHQlMjclM0VpbmZvJTQwYXV0b2xpbmsubHQlM0MlMkZhJTNFJTNDJTJGc3BhbiUzRSUwQSUzQyUyRmRpdiUzRQ==[\/vc_raw_html][\/vc_column_inner][\/vc_row_inner][\/vc_column][vc_column offset=&#8221;vc_col-lg-9 vc_col-md-12 vc_col-xs-12&#8243;][vc_row_inner css=&#8221;.vc_custom_1523829845652{margin-bottom: 60px !important;}&#8221;][vc_column_inner el_class=&#8221;vottak&#8221; width=&#8221;1\/3&#8243;][vc_raw_html]JTNDZGl2JTIwY2xhc3MlM0QlMjdjb250bWFpbiUyNyUzRSUwQSUzQ2g0JTNFRWR2aW5hcyUyMFJ5YmVsaXMlM0MlMkZoNCUzRSUwQSUzQ3AlMjBzdHlsZSUzRCUyMmNvbG9yJTNBJTIzZGMwYjE5JTNCJTIyJTNFRGlyZWt0b3JpdXMlM0NiciUzRVZhbGR5Ym9zJTIwTmFyeXMlM0MlMkZwJTNFJTBBJTNDJTJGZGl2JTNF[\/vc_raw_html][\/vc_column_inner][vc_column_inner el_class=&#8221;vottak&#8221; width=&#8221;1\/3&#8243;][vc_raw_html]JTNDZGl2JTIwY2xhc3MlM0QlMjdjb250bWFpbiUyNyUzRSUwQSUzQ2g0JTNFQWduJUM0JTk3JTIwSm9raW0lQzQlOERpZW4lQzQlOTclM0MlMkZoNCUzRSUwQSUzQ3AlMjBzdHlsZSUzRCUyMmNvbG9yJTNBJTIzZGMwYjE5JTNCJTIyJTNFVnlyaWF1c2lvamklMjBCdWhhbHRlciVDNCU5NyUzQyUyRnAlM0UlMEElM0MlMkZkaXYlM0U=[\/vc_raw_html][\/vc_column_inner][\/vc_row_inner][vc_column_text]<\/p>\n<h5>Pra\u0161ome naudotis \u017eemiau nurodytais el. pa\u0161to kontaktais.<\/h5>\n<p>[\/vc_column_text][vc_row_inner css=&#8221;.vc_custom_1523829848950{margin-bottom: 60px !important;}&#8221;][vc_column_inner el_class=&#8221;vottak&#8221;][vc_column_text]<span style=\"color: #004489;\">Bendri klausimai, pasi\u016blymai &#8211; <a href=\"mailto:info@autolink.lt\">info@autolink.lt<\/a><\/span><br \/>\n<span style=\"color: #004489;\">U\u017eklausos transportavimui &#8211; <a href=\"mailto:planning@autolink.lt\">planning@autolink.lt<\/a><\/span><br \/>\n<span style=\"color: #004489;\">Buhalterija &#8211; <a href=\"mailto:finance@autolink.lt\">finance@autolink.lt<\/a><\/span><br \/>\n<span style=\"color: #004489;\">Prisijunk prie m\u016bs\u0173 &#8211; <a href=\"mailto:cv@autolink.lt\">cv@autolink.lt<\/a><\/span>[\/vc_column_text][\/vc_column_inner][\/vc_row_inner][\/vc_column][\/vc_row][vc_row full_width=&#8221;stretch_row_content_no_spaces&#8221; css=&#8221;.vc_custom_1447738052361{margin-bottom: 0px !important;}&#8221;][vc_column][vc_gmaps link=&#8221;#E-8_JTNDaWZyYW1lJTIwc3JjJTNEJTIyaHR0cHMlM0ElMkYlMkZ3d3cuZ29vZ2xlLmNvbSUyRm1hcHMlMkZlbWJlZCUzRnBiJTNEJTIxMW0xOCUyMTFtMTIlMjExbTMlMjExZDIzMDQuNDI0MzY2MDgzODc4JTIxMmQyNS4yODEzMzQxMTY0MzI1OTMlMjEzZDU0LjcxOTc0OTk4MDI4OTc5JTIxMm0zJTIxMWYwJTIxMmYwJTIxM2YwJTIxM20yJTIxMWkxMDI0JTIxMmk3NjglMjE0ZjEzLjElMjEzbTMlMjExbTIlMjExczB4NDZkZDkxMzE3NTM5ZDZlNSUyNTNBMHgxMTk4NzZkN2FlY2Y4ZmI3JTIxMnNKLiUyNTIwQmFsJTI1QzQlMjU4RGlrb25pbyUyNTIwZy4lMjUyMDklMjUyQyUyNTIwVmlsbml1cyUyNTIwMDgzMTQlMjUyQyUyNTIwTGl0aHVhbmlhJTIxNWUwJTIxM20yJTIxMXNlbiUyMTJzZWUlMjE0djE1OTg1MjQ5Njg5MDklMjE1bTIlMjExc2VuJTIxMnNlZSUyMiUyMHdpZHRoJTNEJTIyNjAwJTIyJTIwaGVpZ2h0JTNEJTIyNDUwJTIyJTIwZnJhbWVib3JkZXIlM0QlMjIwJTIyJTIwc3R5bGUlM0QlMjJib3JkZXIlM0EwJTNCJTIyJTIwYWxsb3dmdWxsc2NyZWVuJTNEJTIyJTIyJTIwYXJpYS1oaWRkZW4lM0QlMjJmYWxzZSUyMiUyMHRhYmluZGV4JTNEJTIyMCUyMiUzRSUzQyUyRmlmcmFtZSUzRQ==&#8221; css=&#8221;.vc_custom_1598525108122{margin-top: 50px !important;border-top-width: 0px !important;border-right-width: 0px !important;border-bottom-width: 0px !important;border-left-width: 0px !important;}&#8221;][\/vc_column][\/vc_row]<\/p>\n<\/div>","protected":false},"excerpt":{"rendered":"<p>[vc_row equal_height=&#8221;yes&#8221;][vc_column offset=&#8221;vc_col-lg-3 vc_col-md-12 vc_col-xs-12&#8243; css=&#8221;.vc_custom_1530797918829{margin-bottom: 0px !important;}&#8221;][vc_row_inner][vc_column_inner][vc_raw_html]JTNDZGl2JTIwY2xhc3MlM0QlMjdjb250bWFpbiUyMHNwZWNpJTI3JTNFJTBBJTNDaDQlM0VVQUIlMjBBdXRvbGluayUzQyUyRmg0JTNFJTBBJTNDaDUlM0UlM0NhJTIwaHJlZiUzRCUyN2h0dHBzJTNBJTJGJTJGZ29vLmdsJTJGbWFwcyUyRnFmUGhRR0d6TkVScXE5Yjk5JTI3JTIwdGFyZ2V0JTNEJTIyX2JsYW5rJTIyJTNFSi4lMjBCYWwlQzQlOERpa29uaW8lMjBnLiUyMDklMkMlMjBWaWxuaXVzJTJDJTIwTFQtMDgyNDclMkMlMjBMaXRodWFuaWElM0MlMkZhJTNFJTBBJTNDJTJGaDUlM0UlMEElM0NzcGFuJTNFdGVsZWZvbmFzJTIwJTNDYSUyMGhyZWYlM0QlMjd0ZWwlM0EwMDM3MDUyMDU0NDk0JTI3JTNFJTJCMzcwJTIwNSUyMDIwNSUyMDQ0OTQlM0MlMkZhJTNFJTNDJTJGc3BhbiUzRSUwQSUzQ3NwYW4lM0VmYXglMjAlMkIzNzAlMjA1JTIwMjA1JTIwNDQ5NSUzQyUyRnNwYW4lM0UlMEElM0NzcGFuJTNFJTNDYSUyMGhyZWYlM0QlMjdtYWlsdG8lM0FpbmZvJTQwYXV0b2xpbmsubHQlMjclM0VpbmZvJTQwYXV0b2xpbmsubHQlM0MlMkZhJTNFJTNDJTJGc3BhbiUzRSUwQSUzQyUyRmRpdiUzRQ==[\/vc_raw_html][\/vc_column_inner][\/vc_row_inner][\/vc_column][vc_column offset=&#8221;vc_col-lg-9 vc_col-md-12 vc_col-xs-12&#8243;][vc_row_inner css=&#8221;.vc_custom_1523829845652{margin-bottom: 60px !important;}&#8221;][vc_column_inner el_class=&#8221;vottak&#8221; width=&#8221;1\/3&#8243;][vc_raw_html]JTNDZGl2JTIwY2xhc3MlM0QlMjdjb250bWFpbiUyNyUzRSUwQSUzQ2g0JTNFRWR2aW5hcyUyMFJ5YmVsaXMlM0MlMkZoNCUzRSUwQSUzQ3AlMjBzdHlsZSUzRCUyMmNvbG9yJTNBJTIzZGMwYjE5JTNCJTIyJTNFRGlyZWt0b3JpdXMlM0NiciUzRVZhbGR5Ym9zJTIwTmFyeXMlM0MlMkZwJTNFJTBBJTNDJTJGZGl2JTNF[\/vc_raw_html][\/vc_column_inner][vc_column_inner el_class=&#8221;vottak&#8221; width=&#8221;1\/3&#8243;][vc_raw_html]JTNDZGl2JTIwY2xhc3MlM0QlMjdjb250bWFpbiUyNyUzRSUwQSUzQ2g0JTNFQWduJUM0JTk3JTIwSm9raW0lQzQlOERpZW4lQzQlOTclM0MlMkZoNCUzRSUwQSUzQ3AlMjBzdHlsZSUzRCUyMmNvbG9yJTNBJTIzZGMwYjE5JTNCJTIyJTNFVnlyaWF1c2lvamklMjBCdWhhbHRlciVDNCU5NyUzQyUyRnAlM0UlMEElM0MlMkZkaXYlM0U=[\/vc_raw_html][\/vc_column_inner][\/vc_row_inner][vc_column_text] Pra\u0161ome naudotis \u017eemiau nurodytais el. pa\u0161to kontaktais. [\/vc_column_text][vc_row_inner css=&#8221;.vc_custom_1523829848950{margin-bottom: 60px !important;}&#8221;][vc_column_inner el_class=&#8221;vottak&#8221;][vc_column_text]Bendri klausimai, pasi\u016blymai &#8211;&#8230;<\/p>\n","protected":false},"author":1,"featured_media":0,"parent":0,"menu_order":5,"comment_status":"closed","ping_status":"closed","template":"","meta":{"inline_featured_image":false,"footnotes":""},"class_list":["post-2329","page","type-page","status-publish","hentry"],"amp_enabled":true,"_links":{"self":[{"href":"https:\/\/autolink.lt\/lt\/wp-json\/wp\/v2\/pages\/2329","targetHints":{"allow":["GET"]}}],"collection":[{"href":"https:\/\/autolink.lt\/lt\/wp-json\/wp\/v2\/pages"}],"about":[{"href":"https:\/\/autolink.lt\/lt\/wp-json\/wp\/v2\/types\/page"}],"author":[{"embeddable":true,"href":"https:\/\/autolink.lt\/lt\/wp-json\/wp\/v2\/users\/1"}],"replies":[{"embeddable":true,"href":"https:\/\/autolink.lt\/lt\/wp-json\/wp\/v2\/comments?post=2329"}],"version-history":[{"count":0,"href":"https:\/\/autolink.lt\/lt\/wp-json\/wp\/v2\/pages\/2329\/revisions"}],"wp:attachment":[{"href":"https:\/\/autolink.lt\/lt\/wp-json\/wp\/v2\/media?parent=2329"}],"curies":[{"name":"wp","href":"https:\/\/api.w.org\/{rel}","templated":true}]}}