{"id":2327,"date":"2015-11-17T04:19:36","date_gmt":"2015-11-17T04:19:36","guid":{"rendered":"http:\/\/autolt.laenudeestis.ee\/about-us\/"},"modified":"2024-03-06T13:36:21","modified_gmt":"2024-03-06T11:36:21","slug":"apie-musu-logistikos-imone","status":"publish","type":"page","link":"https:\/\/autolink.lt\/lt\/apie-musu-logistikos-imone\/","title":{"rendered":"Susipa\u017einkite su Autolink: J\u016bs\u0173 auk\u0161\u010diausios kokyb\u0117s logistikos partneriu"},"content":{"rendered":"<div class=\"wpb-content-wrapper\"><p>[vc_row][vc_column offset=&#8221;vc_col-lg-9 vc_col-md-9&#8243;][vc_column_text css=&#8221;.vc_custom_1709724241825{margin-bottom: 30px !important;}&#8221;]<\/p>\n<h2>SUSIPA\u017dINKITE SU \u201eAUTOLINK\u201c<\/h2>\n<h6><strong>EFEKTYVI TRANSPORTO PRIEMONI\u0172 LOGISTIKA EUROPOJE IR U\u017d JOS RIB\u0172<\/strong><\/h6>\n<p><strong>UAB Autolink<\/strong>, kurios b\u016bstin\u0117 yra gyvybingame Vilniaus mieste, Lietuvoje, yra dinami\u0161ka logistikos \u012fmon\u0117, specializuojanti transporto priemoni\u0173 gabenimo organizavime be trukd\u017ei\u0173. M\u016bs\u0173 pagrindin\u0117 misija \u2013 u\u017etikrinti saug\u0173 ir laiku vykdom\u0105 automobili\u0173 bei kit\u0173 transporto priemoni\u0173 gabenim\u0105 \u012fvairiuose regionuose. Panagrin\u0117kime m\u016bs\u0173 <a href=\"https:\/\/autolink.lt\/lt\/services\/\">paslaugas<\/a>, pasiekiamum\u0105 ir partnerystes i\u0161 ar\u010diau.<\/p>\n<p><strong>Aptarnavimo regionai:<\/strong><\/p>\n<p><img decoding=\"async\" class=\"aligncenter wp-image-2728 size-full lazyload\" role=\"img\" src=\"data:image\/gif;base64,R0lGODlhAQABAAAAACH5BAEKAAEALAAAAAABAAEAAAICTAEAOw==\" alt=\"Venicle logistics map logistikos\" width=\"769.33\" height=\"387.58\" title=\"\" data-src=\"https:\/\/autolink.lt\/wp-content\/uploads\/2019\/02\/autolink_routes_m_lt.svg\"><\/p>\n<ol>\n<li><strong>BeNeLux (Belgija, Nyderlandai, Liuksemburgas):<\/strong> M\u016bs\u0173 platus tinklas apima \u0161ias pagrindines Europos \u0161alis, leid\u017eiantis mums teikti efektyvi\u0105 transporto priemoni\u0173 gabenimo paslaug\u0105 \u0161iame regione.Ar tai b\u016bt\u0173 prabangi\u0173 sedan\u0173 ar tvirt\u0173 visureigi\u0173, ar lengv\u0173j\u0173 komercini\u0173 transporto priemoni\u0173 gabenimas, mes tai galime.<\/li>\n<li><strong>Vokietija:<\/strong> Kaip pagrindinis automobili\u0173 pramon\u0117s centras, Vokietija reikalauja logistikos tikslumo ir patikimumo. UAB \u201eAutolink\u201c puikiai tvarkosi su automobili\u0173 gabenimu Vokietijoje, u\u017etikrindama skland\u0173 automobili\u0173 transportavim\u0105 nuo gamintojo iki prekybos salon\u0173.<\/li>\n<li><strong>Skandinavija (Danija ir \u0160vedija):<\/strong> \u0160iaur\u0117s \u0161alys vertina efektyvum\u0105 ir tvarum\u0105. M\u016bs\u0173 paslaugos pritaikytos Skandinavijos automobili\u0173 rink\u0173 unikaliems poreikiams, pabr\u0117\u017eiant ekologi\u0161kas praktikas ir punktualius pristatymus.<\/li>\n<li><strong>Baltijos \u0161alys (Estija, Latvija, Lietuva):<\/strong> M\u016bs\u0173 \u0161aknys Baltijos regione yra gilios. Suprantame vietos reglament\u0173, klimato s\u0105lyg\u0173 ir klient\u0173 l\u016bkes\u010di\u0173 niuansus. Patik\u0117kite mums J\u016bs\u0173 transporto priemoni\u0173 gabenim\u0105.<\/li>\n<\/ol>\n<p><strong>Eurazijos pasiekiamumas:<\/strong> UAB \u201eAutolink\u201c i\u0161ple\u010dia savo paslaugas \u012f kitas Eurazijos \u0161alis. M\u016bs\u0173 plataus masto grupi\u0173 nari\u0173 ir patikim\u0173 partneri\u0173 tinklas leid\u017eia mums aptarnauti klientus \u012fvairiuose regionuose. Ar tai b\u016bt\u0173 pla\u010diosios Kazachstano step\u0117s ar kit\u0173 Eurazijos miest\u0173 gyvybingos gatv\u0117s, mes esame pasireng\u0119 efektyviai ir saugiai transportuoti J\u016bs\u0173 transporto priemones.<\/p>\n<p>B\u016bdami \u201e<a href=\"https:\/\/autolink.ee\" target=\"_blank\" rel=\"noopener\">Autolink Group AS<\/a>\u201c dalimi, mes glaud\u017eiai bendradarbiaujame su dukterin\u0117mis \u012fmon\u0117mis. M\u016bs\u0173 motinin\u0117 \u012fmon\u0117, \u201eAutolink Group AS\u201c, veikia logistikos ir inovacij\u0173 sankirtoje. Autolink Group AS lygiomis dalimis valdo:<\/p>\n<ol>\n<li><a href=\"https:\/\/www.bmlg.eu\/\" target=\"_blank\" rel=\"noopener\"><strong>Baltic Maritime Logistics Group AS<\/strong><\/a>: Gerai \u012fsitvirtin\u0119s ir labai gerbiamas logistikos holdingas, specializuojantis teikiant i\u0161samias ir efektyvias transportavimo bei laivybos paslaugas per Baltijos j\u016bros region\u0105.<\/li>\n<li><strong>Aragon Holding AS (Norvegija)<\/strong>: Norvegijos tikslumas derinimas su Lietuvos lankstumu. \u201eAragon Holding AS\u201c teikia vertingas \u012f\u017evalgas ir i\u0161teklius m\u016bs\u0173 operacijoms, u\u017etikrindama, kad i\u0161liktume pirmaujantys nuolat besikei\u010dian\u010diame logistikos peiza\u017ee.<\/li>\n<\/ol>\n<p>Autolink UAB bendradarbiauja su Autolink Group AS susijusiomis \u012fmon\u0117mis \u012fvairiose \u0161alyse:<\/p>\n<ul>\n<li><a href=\"https:\/\/autolink.de\" target=\"_blank\" rel=\"noopener\"><strong>Vokietija:<\/strong><\/a> M\u016bs\u0173 Vokietijos atitikmuo, \u201eAutolink Germany GmbH\u201c, atlieka lemiam\u0105 vaidmen\u012f Europos logistikoje. Nuo autoban\u0173 iki vaizding\u0173 Alpi\u0173 mar\u0161rut\u0173, jie su meistri\u0161kumu nar\u0161o Vokietijos kra\u0161tovaizd\u017eiu.<\/li>\n<li><a href=\"https:\/\/autolink.fi\" target=\"_blank\" rel=\"noopener\"><strong>Suomija:<\/strong><\/a> M\u016bs\u0173 Suomijos kolegos tvarko logistik\u0105 t\u016bkstan\u010dio e\u017eer\u0173 \u0161alyje. Suomijos unikali geografija kelia \u012fdomi\u0173 i\u0161\u0161\u016bki\u0173 su kuriais puikiai susidoroja Suomijos kolegos.<\/li>\n<li><a href=\"https:\/\/autolink.ee\" target=\"_blank\" rel=\"noopener\"><strong>Estija:<\/strong><\/a> M\u016bs\u0173 nam\u0173 baz\u0117, kur viskas prasid\u0117jo. UAB \u201eAutolink\u201c i\u0161laiko stiprius ry\u0161ius su Estija, pasinaudodama jos strategine Baltijos j\u016bros vietove efektyviam transportui.<\/li>\n<li><a href=\"https:\/\/autolink.pl\" target=\"_blank\" rel=\"noopener\"><strong>Lenkija:<\/strong><\/a> Centrin\u0117s Europos \u0161irdyje, Lenkija yra klestinti automobili\u0173 pramon\u0117. M\u016bs\u0173 Lenkijos kolegos u\u017etikrina, kad transporto priemon\u0117s jud\u0117t\u0173 be sutrikim\u0173 per sienas.<\/li>\n<li><a href=\"https:\/\/autolink.kz\" target=\"_blank\" rel=\"noopener\"><strong>Kazachstanas:<\/strong><\/a> Pla\u010diosios Kazachstano step\u0117s liudija automobili\u0173, sunkve\u017eimi\u0173 ir sunkiosios technikos praeit\u012f. M\u016bs\u0173 buvimas Almatoje atspindi m\u016bs\u0173 \u012fsipareigojim\u0105 aptarnauti Eurazijos rink\u0105.<\/li>\n<\/ul>\n<p>Autolink ne tik gabena transporto priemones; mes jungiame \u017emones, verslus ir \u012fvairias rinkas visame pasaulyje. M\u016bs\u0173 nepakartojamas \u012fsipareigojimas puikumui, patikimumui ir tvarumui mus veda \u012f priek\u012f. Per inovatyvius sprendimus ir klient\u0173 poreiki\u0173 atsi\u017evelgim\u0105 u\u017etikriname saug\u0173, efektyv\u0173 ir ekologi\u0161k\u0105 kiekvienos transporto priemon\u0117s jud\u0117jim\u0105. Ar tai b\u016bt\u0173 kompakti\u0161kas he\u010dbekas ar prabangus auk\u0161\u010diausios klas\u0117s sportinis automobilis, mes kiekvien\u0105 pristatysim su nepriekai\u0161tingu tikslumu ir did\u017eiausiu r\u016bpestingumu.<\/p>\n<p>Prisijunkite prie m\u016bs\u0173 \u0161ioje \u012fdomioje kelion\u0117je tarp kontinent\u0173.[\/vc_column_text][\/vc_column][vc_column width=&#8221;1\/4&#8243; offset=&#8221;vc_hidden-sm vc_hidden-xs&#8221;][stm_sidebar sidebar=&#8221;2286&#8243;][\/vc_column][\/vc_row][vc_row full_width=&#8221;stretch_row&#8221; el_class=&#8221;secondary_bg_color&#8221; css=&#8221;.vc_custom_1520975961433{margin-top: 50px !important;margin-bottom: 0px !important;}&#8221;][vc_column][vc_cta h2=&#8221;Ie\u0161kote optimalaus sprendimo automobili\u0173 logistikoje?&#8221; shape=&#8221;square&#8221; add_button=&#8221;right&#8221; btn_title=&#8221;Susisiekite dabar&#8221; btn_style=&#8221;outline&#8221; btn_shape=&#8221;round&#8221; btn_color=&#8221;white&#8221; btn_i_align=&#8221;right&#8221; btn_i_icon_fontawesome=&#8221;stm-arrow-next&#8221; btn_add_icon=&#8221;true&#8221; el_class=&#8221;secondary_bg_color&#8221; btn_link=&#8221;url:%2Fcontacts%2F|||&#8221;][\/vc_cta][\/vc_column][\/vc_row]<\/p>\n<\/div>","protected":false},"excerpt":{"rendered":"<p>[vc_row][vc_column offset=&#8221;vc_col-lg-9 vc_col-md-9&#8243;][vc_column_text css=&#8221;.vc_custom_1709724241825{margin-bottom: 30px !important;}&#8221;] SUSIPA\u017dINKITE SU \u201eAUTOLINK\u201c EFEKTYVI TRANSPORTO PRIEMONI\u0172 LOGISTIKA EUROPOJE IR U\u017d JOS RIB\u0172 UAB Autolink, kurios b\u016bstin\u0117 yra gyvybingame Vilniaus mieste, Lietuvoje, yra dinami\u0161ka logistikos \u012fmon\u0117, specializuojanti transporto&#8230;<\/p>\n","protected":false},"author":1,"featured_media":0,"parent":0,"menu_order":4,"comment_status":"closed","ping_status":"closed","template":"","meta":{"inline_featured_image":false,"footnotes":""},"class_list":["post-2327","page","type-page","status-publish","hentry"],"amp_enabled":true,"_links":{"self":[{"href":"https:\/\/autolink.lt\/lt\/wp-json\/wp\/v2\/pages\/2327","targetHints":{"allow":["GET"]}}],"collection":[{"href":"https:\/\/autolink.lt\/lt\/wp-json\/wp\/v2\/pages"}],"about":[{"href":"https:\/\/autolink.lt\/lt\/wp-json\/wp\/v2\/types\/page"}],"author":[{"embeddable":true,"href":"https:\/\/autolink.lt\/lt\/wp-json\/wp\/v2\/users\/1"}],"replies":[{"embeddable":true,"href":"https:\/\/autolink.lt\/lt\/wp-json\/wp\/v2\/comments?post=2327"}],"version-history":[{"count":0,"href":"https:\/\/autolink.lt\/lt\/wp-json\/wp\/v2\/pages\/2327\/revisions"}],"wp:attachment":[{"href":"https:\/\/autolink.lt\/lt\/wp-json\/wp\/v2\/media?parent=2327"}],"curies":[{"name":"wp","href":"https:\/\/api.w.org\/{rel}","templated":true}]}}